{"id":458,"date":"2024-10-24T11:31:12","date_gmt":"2024-10-24T10:31:12","guid":{"rendered":"https:\/\/theb2bsalesacademy.com\/?page_id=458"},"modified":"2024-10-24T11:31:40","modified_gmt":"2024-10-24T10:31:40","slug":"politica-de-privacidad","status":"publish","type":"page","link":"https:\/\/theb2bsalesacademy.com\/index.php\/politica-de-privacidad\/","title":{"rendered":"Pol\u00edtica de privacidad"},"content":{"rendered":"\t\t<div data-elementor-type=\"wp-page\" data-elementor-id=\"458\" class=\"elementor elementor-458\">\n\t\t\t\t<div class=\"elementor-element elementor-element-cc14203 e-flex e-con-boxed e-con e-parent\" data-id=\"cc14203\" data-element_type=\"container\">\n\t\t\t\t\t<div class=\"e-con-inner\">\n\t\t\t\t<div class=\"elementor-element elementor-element-c535de7 elementor-widget elementor-widget-text-editor\" data-id=\"c535de7\" data-element_type=\"widget\" data-widget_type=\"text-editor.default\">\n\t\t\t\t<div class=\"elementor-widget-container\">\n\t\t\t\t\t\t\t\t\t<p><b>POL\u00cdTICA DE PRIVACIDAD<\/b><\/p><p><b>Informaci\u00f3n b\u00e1sica<\/b><\/p><p>Entidad Responsable del Tratamiento:<\/p><p><b>RVB BUSINESS CONSULTING, S. L<\/b> (B2B SALES ACADEMY)<\/p><p>CIF: B67091959<\/p><p>Direcci\u00f3n Establecimiento Permanente: Av. Diagonal, 263, 08013 &#8211; Barcelona (Espa\u00f1a).<\/p><p>Email de contacto: <a href=\"mailto:legal@theb2bsalesacademy.com\">legal@theb2bsalesacademy.com<\/a>.<\/p><p>Finalidad del tratamiento:<\/p><p>La finalidad gen\u00e9rica del tratamiento es la gesti\u00f3n de la comunicaci\u00f3n y relaci\u00f3n con los USUARIOS de LA WEB. Puede consultar con m\u00e1s detalle las posibles finalidades espec\u00edficas en la Informaci\u00f3n Adicional.<\/p><p>Legitimaci\u00f3n del Tratamiento: Consentimiento o solicitud de servicio y\/o informaci\u00f3n por parte del USUARIO.<\/p><p>Ejercicio de sus derechos<b>:<\/b> Los USUARIOS podr\u00e1n ejercer sus derechos con el env\u00edo de su petici\u00f3n acompa\u00f1ada de su D.N.I. o documento v\u00e1lido en derecho que acredite su identidad, dirigida a <a href=\"mailto:legal@theb2bsalesacademy.com\">legal@theb2bsalesacademy.com<\/a>, o por correo postal dirigiendo un escrito a B2B SALES ACADEMY utilizando la direcci\u00f3n postal de contacto m\u00e1s arriba indicada.<\/p><p><b>Informaci\u00f3n adicional<\/b><\/p><p><b>\u00bfCon que finalidad tratamos sus datos personales?<\/b><\/p><p>En B2B SALES ACADEMY tratamos la informaci\u00f3n que nos facilita a trav\u00e9s de los distintos formularios o direcciones de contacto expresados en la WEB con la finalidad de gestionar el env\u00edo de la informaci\u00f3n que nos solicita.<\/p><p>Se informa al USUARIO que B2B SALES ACADEMY podr\u00e1 tratar los datos de car\u00e1cter personal que nos facilite a trav\u00e9s de los formularios online, o direcciones de contacto indicadas, para las finalidades que se especifican a continuaci\u00f3n, en la medida en que exista una base legal para cada tratamiento seg\u00fan se explica m\u00e1s adelante:<\/p><ul><li>Canalizar las solicitudes de informaci\u00f3n realizadas a trav\u00e9s de los formularios de contacto de LA WEB.<\/li><li>Env\u00edo de nuevas entradas de nuestro Blog a los USUARIOS que hayan aceptado previamente la recepci\u00f3n de dicha informaci\u00f3n marcando la casilla correspondiente en cualquiera de los formularios que existen en LA WEB.<\/li><li>Identificarte como autor de los comentarios que subas a la secci\u00f3n Blog de LA WEB.<\/li><li>Inclusi\u00f3n en los procesos de selecci\u00f3n de personal de B2B SALES ACADEMY que mejor se adapten a su perfil con respecto a aquellos USUARIOS que nos hayan hecho llegar su curr\u00edculo a trav\u00e9s de los medios indicados en LA WEB.<\/li><\/ul><p><b>\u00bfCu\u00e1l es la legitimaci\u00f3n en que basa B2B SALES ACADEMY el tratamiento de sus datos?<\/b><\/p><p>Basamos nuestra legitimaci\u00f3n en la aportaci\u00f3n libre y voluntaria del USUARIO de sus datos con objeto de que atendamos cualquiera de las solicitudes indicadas en el apartado anterior. Los datos tratados en este supuesto ser\u00e1n los m\u00ednimos imprescindibles para la correcta atenci\u00f3n de las solicitudes que en cada supuesto se efect\u00faen.<\/p><p>En cada comunicaci\u00f3n que le enviemos, B2B SALES ACADEMY le recordar\u00e1 la forma de revocar su consentimiento con efectos desde el momento en que lo ejerza.<\/p><p><b>\u00bfDurante cu\u00e1nto tiempo conservaremos sus datos personales?<\/b><\/p><p>Sus datos, ser\u00e1n conservados el tiempo m\u00ednimo necesario para la correcta prestaci\u00f3n del servicio solicitado, as\u00ed como para atender las posibles responsabilidades que se pudieran derivar del mismo y de cualquier otra exigencia legal.<\/p><p>Con respecto a las solicitudes de informaci\u00f3n, conservaremos los datos durante el tiempo necesario para atender sus solicitudes y ser\u00e1n eliminados una vez transcurrido un a\u00f1o desde la \u00faltima comunicaci\u00f3n.<\/p><p>Los datos de los USUARIOS que hayan aceptado la recepci\u00f3n de entradas de nuestro Blog, hasta que revoquen dicha autorizaci\u00f3n.<\/p><p>Los datos incorporados en los curr\u00edculos aportados por los USUARIOS se dirigir\u00e1n y ser\u00e1n tratados por nuestro Departamento de RRHH. Dicha informaci\u00f3n ser\u00e1 conservada con la finalidad indicada m\u00e1s arriba, durante dos a\u00f1os desde la recepci\u00f3n del \u00faltimo curr\u00edculo. Se recomienda actualizar la informaci\u00f3n de forma peri\u00f3dica si quieren seguir participando en los procesos de selecci\u00f3n de personal efectuados por B2B SALES ACADEMY.<\/p><p><b>\u00bfA qui\u00e9n cederemos sus datos?<\/b><\/p><p>B2B SALES ACADEMY podr\u00e1 realizar cesiones o comunicaciones de datos personales para atender sus obligaciones con las Administraciones P\u00fablicas en los casos que as\u00ed se requiera de acuerdo con la legislaci\u00f3n vigente en cada momento y en su caso, igualmente a otros \u00f3rganos Judiciales o de Seguridad del Estado.<\/p><p><b>\u00bfQu\u00e9 derechos le asisten como titular de los datos?<\/b><\/p><p>Como titular de los datos le asisten los siguientes derechos:<\/p><ul><li>Derecho de acceso. Los USUARIOS tienen derecho a obtener de B2B SALES ACADEMY informaci\u00f3n acerca de si se est\u00e1n tratando datos personales que le conciernan, a acceder a los mismos y a obtener informaci\u00f3n sobre el tratamiento realizado.<\/li><li>Derecho a obtener una copia de sus datos personales.<\/li><li>Derecho de rectificaci\u00f3n. Los USUARIOS tienen derecho a que B2B SALES ACADEMY rectifique sus datos personales en el caso de que fueran inexactos o incompletos.<\/li><li>Derecho de supresi\u00f3n. Los USUARIOS tienen derecho a que se proceda a la supresi\u00f3n de los datos cuando estos ya no resulten necesarios para la finalidad para la que fueron proporcionados o cuando concurran el resto de las circunstancias legalmente previstas.<\/li><li>Derecho de limitaci\u00f3n del tratamiento. Los USUARIOS tienen derecho a solicitar una limitaci\u00f3n en el tratamiento de sus datos personales, de forma que no se apliquen a los mismos las operaciones de tratamiento que deban corresponder en cada caso, en aquellos supuestos previstos en el art. 18 del RGPD.<\/li><li>Derecho a la portabilidad. Los USUARIOS tienen derecho a recibir los datos personales que le incumban en un formato estructurado, siempre y cuando dichos datos incumban exclusivamente al usuario y hayan sido facilitados por \u00e9ste.<\/li><\/ul><p>Tambi\u00e9n tiene el derecho a retirar el consentimiento para cualquier finalidad espec\u00edfica otorgada en su momento, sin que ello afecte a la licitud del tratamiento basado en el consentimiento previo a su retirada.<\/p><p>Los indicados derechos podr\u00e1n ejercitarse, enviando su solicitud desde la direcci\u00f3n de correo electr\u00f3nico que nos haya facilitado al registrarse en LA WEB a: <a href=\"mailto:legal@theb2bsalesacademy.com\">legal@theb2bsalesacademy.com<\/a>, o si lo prefiere, enviando un escrito a B2B SALES ACADEMY a la direcci\u00f3n postal indicada en el apartado primero sobre Entidad Responsable del Tratamiento.<\/p><p>Puede acceder a modelos, formularios y m\u00e1s informaci\u00f3n disponible para el ejercicio de sus derechos en la p\u00e1gina web de la autoridad de control nacional, Agencia Espa\u00f1ola de Protecci\u00f3n de Datos: <a href=\"http:\/\/www.aepd.es\"><b>www.aepd.es<\/b><\/a><b>.<\/b><\/p>\t\t\t\t\t\t\t\t<\/div>\n\t\t\t\t<\/div>\n\t\t\t\t\t<\/div>\n\t\t\t\t<\/div>\n\t\t\t\t<\/div>\n\t\t","protected":false},"excerpt":{"rendered":"<p>POL\u00cdTICA DE PRIVACIDAD Informaci\u00f3n b\u00e1sica Entidad Responsable del Tratamiento: RVB BUSINESS CONSULTING, S. L (B2B SALES ACADEMY) CIF: B67091959 Direcci\u00f3n Establecimiento Permanente: Av. Diagonal, 263, 08013 &#8211; Barcelona (Espa\u00f1a). Email de contacto: legal@theb2bsalesacademy.com. Finalidad del tratamiento: La finalidad gen\u00e9rica del tratamiento es la gesti\u00f3n de la comunicaci\u00f3n y relaci\u00f3n con los USUARIOS de LA WEB. [&hellip;]<\/p>\n","protected":false},"author":2,"featured_media":0,"parent":0,"menu_order":0,"comment_status":"closed","ping_status":"closed","template":"elementor_header_footer","meta":{"_acf_changed":false,"footnotes":""},"class_list":["post-458","page","type-page","status-publish","hentry"],"acf":[],"yoast_head":"<!-- This site is optimized with the Yoast SEO plugin v27.5 - https:\/\/yoast.com\/product\/yoast-seo-wordpress\/ -->\n<title>Pol\u00edtica de privacidad - B2B SALES ACADEMY<\/title>\n<meta name=\"robots\" content=\"index, follow, max-snippet:-1, max-image-preview:large, max-video-preview:-1\" \/>\n<link rel=\"canonical\" href=\"https:\/\/theb2bsalesacademy.com\/index.php\/politica-de-privacidad\/\" \/>\n<meta property=\"og:locale\" content=\"es_ES\" \/>\n<meta property=\"og:type\" content=\"article\" \/>\n<meta property=\"og:title\" content=\"Pol\u00edtica de privacidad - B2B SALES ACADEMY\" \/>\n<meta property=\"og:description\" content=\"POL\u00cdTICA DE PRIVACIDAD Informaci\u00f3n b\u00e1sica Entidad Responsable del Tratamiento: RVB BUSINESS CONSULTING, S. L (B2B SALES ACADEMY) CIF: B67091959 Direcci\u00f3n Establecimiento Permanente: Av. Diagonal, 263, 08013 &#8211; Barcelona (Espa\u00f1a). Email de contacto: legal@theb2bsalesacademy.com. Finalidad del tratamiento: La finalidad gen\u00e9rica del tratamiento es la gesti\u00f3n de la comunicaci\u00f3n y relaci\u00f3n con los USUARIOS de LA WEB. [&hellip;]\" \/>\n<meta property=\"og:url\" content=\"https:\/\/theb2bsalesacademy.com\/index.php\/politica-de-privacidad\/\" \/>\n<meta property=\"og:site_name\" content=\"B2B SALES ACADEMY\" \/>\n<meta property=\"article:modified_time\" content=\"2024-10-24T10:31:40+00:00\" \/>\n<meta name=\"twitter:card\" content=\"summary_large_image\" \/>\n<meta name=\"twitter:label1\" content=\"Tiempo de lectura\" \/>\n\t<meta name=\"twitter:data1\" content=\"5 minutos\" \/>\n<script type=\"application\/ld+json\" class=\"yoast-schema-graph\">{\"@context\":\"https:\\\/\\\/schema.org\",\"@graph\":[{\"@type\":\"WebPage\",\"@id\":\"https:\\\/\\\/theb2bsalesacademy.com\\\/index.php\\\/politica-de-privacidad\\\/\",\"url\":\"https:\\\/\\\/theb2bsalesacademy.com\\\/index.php\\\/politica-de-privacidad\\\/\",\"name\":\"Pol\u00edtica de privacidad - B2B SALES ACADEMY\",\"isPartOf\":{\"@id\":\"https:\\\/\\\/theb2bsalesacademy.com\\\/#website\"},\"datePublished\":\"2024-10-24T10:31:12+00:00\",\"dateModified\":\"2024-10-24T10:31:40+00:00\",\"breadcrumb\":{\"@id\":\"https:\\\/\\\/theb2bsalesacademy.com\\\/index.php\\\/politica-de-privacidad\\\/#breadcrumb\"},\"inLanguage\":\"es\",\"potentialAction\":[{\"@type\":\"ReadAction\",\"target\":[\"https:\\\/\\\/theb2bsalesacademy.com\\\/index.php\\\/politica-de-privacidad\\\/\"]}]},{\"@type\":\"BreadcrumbList\",\"@id\":\"https:\\\/\\\/theb2bsalesacademy.com\\\/index.php\\\/politica-de-privacidad\\\/#breadcrumb\",\"itemListElement\":[{\"@type\":\"ListItem\",\"position\":1,\"name\":\"Portada\",\"item\":\"https:\\\/\\\/theb2bsalesacademy.com\\\/\"},{\"@type\":\"ListItem\",\"position\":2,\"name\":\"Pol\u00edtica de privacidad\"}]},{\"@type\":\"WebSite\",\"@id\":\"https:\\\/\\\/theb2bsalesacademy.com\\\/#website\",\"url\":\"https:\\\/\\\/theb2bsalesacademy.com\\\/\",\"name\":\"B2B SALES ACADEMY\",\"description\":\"\u00a1Transforma y mejora tu equipo con B2B Sales Academy!\",\"publisher\":{\"@id\":\"https:\\\/\\\/theb2bsalesacademy.com\\\/#organization\"},\"potentialAction\":[{\"@type\":\"SearchAction\",\"target\":{\"@type\":\"EntryPoint\",\"urlTemplate\":\"https:\\\/\\\/theb2bsalesacademy.com\\\/?s={search_term_string}\"},\"query-input\":{\"@type\":\"PropertyValueSpecification\",\"valueRequired\":true,\"valueName\":\"search_term_string\"}}],\"inLanguage\":\"es\"},{\"@type\":\"Organization\",\"@id\":\"https:\\\/\\\/theb2bsalesacademy.com\\\/#organization\",\"name\":\"B2B SALES ACADEMY\",\"url\":\"https:\\\/\\\/theb2bsalesacademy.com\\\/\",\"logo\":{\"@type\":\"ImageObject\",\"inLanguage\":\"es\",\"@id\":\"https:\\\/\\\/theb2bsalesacademy.com\\\/#\\\/schema\\\/logo\\\/image\\\/\",\"url\":\"https:\\\/\\\/theb2bsalesacademy.com\\\/wp-content\\\/uploads\\\/2024\\\/09\\\/isotipo-B2BSA-1-1.png\",\"contentUrl\":\"https:\\\/\\\/theb2bsalesacademy.com\\\/wp-content\\\/uploads\\\/2024\\\/09\\\/isotipo-B2BSA-1-1.png\",\"width\":33,\"height\":47,\"caption\":\"B2B SALES ACADEMY\"},\"image\":{\"@id\":\"https:\\\/\\\/theb2bsalesacademy.com\\\/#\\\/schema\\\/logo\\\/image\\\/\"}}]}<\/script>\n<!-- \/ Yoast SEO plugin. -->","yoast_head_json":{"title":"Pol\u00edtica de privacidad - B2B SALES ACADEMY","robots":{"index":"index","follow":"follow","max-snippet":"max-snippet:-1","max-image-preview":"max-image-preview:large","max-video-preview":"max-video-preview:-1"},"canonical":"https:\/\/theb2bsalesacademy.com\/index.php\/politica-de-privacidad\/","og_locale":"es_ES","og_type":"article","og_title":"Pol\u00edtica de privacidad - B2B SALES ACADEMY","og_description":"POL\u00cdTICA DE PRIVACIDAD Informaci\u00f3n b\u00e1sica Entidad Responsable del Tratamiento: RVB BUSINESS CONSULTING, S. L (B2B SALES ACADEMY) CIF: B67091959 Direcci\u00f3n Establecimiento Permanente: Av. Diagonal, 263, 08013 &#8211; Barcelona (Espa\u00f1a). Email de contacto: legal@theb2bsalesacademy.com. Finalidad del tratamiento: La finalidad gen\u00e9rica del tratamiento es la gesti\u00f3n de la comunicaci\u00f3n y relaci\u00f3n con los USUARIOS de LA WEB. [&hellip;]","og_url":"https:\/\/theb2bsalesacademy.com\/index.php\/politica-de-privacidad\/","og_site_name":"B2B SALES ACADEMY","article_modified_time":"2024-10-24T10:31:40+00:00","twitter_card":"summary_large_image","twitter_misc":{"Tiempo de lectura":"5 minutos"},"schema":{"@context":"https:\/\/schema.org","@graph":[{"@type":"WebPage","@id":"https:\/\/theb2bsalesacademy.com\/index.php\/politica-de-privacidad\/","url":"https:\/\/theb2bsalesacademy.com\/index.php\/politica-de-privacidad\/","name":"Pol\u00edtica de privacidad - B2B SALES ACADEMY","isPartOf":{"@id":"https:\/\/theb2bsalesacademy.com\/#website"},"datePublished":"2024-10-24T10:31:12+00:00","dateModified":"2024-10-24T10:31:40+00:00","breadcrumb":{"@id":"https:\/\/theb2bsalesacademy.com\/index.php\/politica-de-privacidad\/#breadcrumb"},"inLanguage":"es","potentialAction":[{"@type":"ReadAction","target":["https:\/\/theb2bsalesacademy.com\/index.php\/politica-de-privacidad\/"]}]},{"@type":"BreadcrumbList","@id":"https:\/\/theb2bsalesacademy.com\/index.php\/politica-de-privacidad\/#breadcrumb","itemListElement":[{"@type":"ListItem","position":1,"name":"Portada","item":"https:\/\/theb2bsalesacademy.com\/"},{"@type":"ListItem","position":2,"name":"Pol\u00edtica de privacidad"}]},{"@type":"WebSite","@id":"https:\/\/theb2bsalesacademy.com\/#website","url":"https:\/\/theb2bsalesacademy.com\/","name":"B2B SALES ACADEMY","description":"\u00a1Transforma y mejora tu equipo con B2B Sales Academy!","publisher":{"@id":"https:\/\/theb2bsalesacademy.com\/#organization"},"potentialAction":[{"@type":"SearchAction","target":{"@type":"EntryPoint","urlTemplate":"https:\/\/theb2bsalesacademy.com\/?s={search_term_string}"},"query-input":{"@type":"PropertyValueSpecification","valueRequired":true,"valueName":"search_term_string"}}],"inLanguage":"es"},{"@type":"Organization","@id":"https:\/\/theb2bsalesacademy.com\/#organization","name":"B2B SALES ACADEMY","url":"https:\/\/theb2bsalesacademy.com\/","logo":{"@type":"ImageObject","inLanguage":"es","@id":"https:\/\/theb2bsalesacademy.com\/#\/schema\/logo\/image\/","url":"https:\/\/theb2bsalesacademy.com\/wp-content\/uploads\/2024\/09\/isotipo-B2BSA-1-1.png","contentUrl":"https:\/\/theb2bsalesacademy.com\/wp-content\/uploads\/2024\/09\/isotipo-B2BSA-1-1.png","width":33,"height":47,"caption":"B2B SALES ACADEMY"},"image":{"@id":"https:\/\/theb2bsalesacademy.com\/#\/schema\/logo\/image\/"}}]}},"_links":{"self":[{"href":"https:\/\/theb2bsalesacademy.com\/index.php\/wp-json\/wp\/v2\/pages\/458","targetHints":{"allow":["GET"]}}],"collection":[{"href":"https:\/\/theb2bsalesacademy.com\/index.php\/wp-json\/wp\/v2\/pages"}],"about":[{"href":"https:\/\/theb2bsalesacademy.com\/index.php\/wp-json\/wp\/v2\/types\/page"}],"author":[{"embeddable":true,"href":"https:\/\/theb2bsalesacademy.com\/index.php\/wp-json\/wp\/v2\/users\/2"}],"replies":[{"embeddable":true,"href":"https:\/\/theb2bsalesacademy.com\/index.php\/wp-json\/wp\/v2\/comments?post=458"}],"version-history":[{"count":4,"href":"https:\/\/theb2bsalesacademy.com\/index.php\/wp-json\/wp\/v2\/pages\/458\/revisions"}],"predecessor-version":[{"id":462,"href":"https:\/\/theb2bsalesacademy.com\/index.php\/wp-json\/wp\/v2\/pages\/458\/revisions\/462"}],"wp:attachment":[{"href":"https:\/\/theb2bsalesacademy.com\/index.php\/wp-json\/wp\/v2\/media?parent=458"}],"curies":[{"name":"wp","href":"https:\/\/api.w.org\/{rel}","templated":true}]}}