{"id":447,"date":"2024-10-24T11:23:43","date_gmt":"2024-10-24T10:23:43","guid":{"rendered":"https:\/\/theb2bsalesacademy.com\/?page_id=447"},"modified":"2024-10-24T11:29:00","modified_gmt":"2024-10-24T10:29:00","slug":"politica-de-cookies","status":"publish","type":"page","link":"https:\/\/theb2bsalesacademy.com\/index.php\/politica-de-cookies\/","title":{"rendered":"Pol\u00edtica de cookies"},"content":{"rendered":"\t\t<div data-elementor-type=\"wp-page\" data-elementor-id=\"447\" class=\"elementor elementor-447\">\n\t\t\t\t<div class=\"elementor-element elementor-element-fb93650 e-flex e-con-boxed e-con e-parent\" data-id=\"fb93650\" data-element_type=\"container\">\n\t\t\t\t\t<div class=\"e-con-inner\">\n\t\t\t\t<div class=\"elementor-element elementor-element-6624a4a elementor-widget elementor-widget-text-editor\" data-id=\"6624a4a\" data-element_type=\"widget\" data-widget_type=\"text-editor.default\">\n\t\t\t\t<div class=\"elementor-widget-container\">\n\t\t\t\t\t\t\t\t\t<p><b>POLITICA DE COOKIES<\/b><\/p><p><b>Informaci\u00f3n General<\/b><\/p><p>\u00bfQu\u00e9 son las <i>cookies<\/i>? Una <i>cookie <\/i>es un fichero que se descarga en su ordenador al acceder a determinadas p\u00e1ginas web. Las <i>cookies <\/i>permiten a una p\u00e1gina web, entre otras cosas, almacenar y recuperar informaci\u00f3n sobre los h\u00e1bitos de navegaci\u00f3n de un usuario o de su equipo y, dependiendo de la informaci\u00f3n que contengan y de la forma en que utilice su dispositivo, pueden utilizarse para reconocer al usuario.<\/p><p>Las cookies permiten que la p\u00e1gina web reconozca el navegador del usuario. Por lo tanto, las cookies se utilizan generalmente para recordar las opciones que el usuario ha escogido (por ejemplo, recordar el idioma que utiliza) o para reconocer a usuarios que frecuentan la p\u00e1gina web. Todo usuario puede modificar o rechazar una cookie. En este \u00faltimo caso, B2B SALES ACADEMY advierte que la rapidez y calidad del servicio puede disminuir.<\/p><p><b>\u00bfQu\u00e9 tipo de cookies utilizamos?<\/b><\/p><p>Las cookies que utiliza LA WEB se pueden distinguir seg\u00fan los siguientes criterios:<\/p><p><b>1. Tipos de cookies seg\u00fan la entidad que las gestiona:<\/b><\/p><p>Seg\u00fan quien sea la entidad que gestione el equipo o dominio desde donde se env\u00edan las cookies y trate los datos que se obtengan, podemos distinguir:<\/p><ul><li><b>Cookies propias<\/b>: Son aqu\u00e9llas que se env\u00edan al equipo terminal del usuario desde un equipo o dominio gestionado por el propio editor y desde el que se presta el servicio solicitado por el usuario.<\/li><li><b>Cookies de terceros<\/b>: Son aqu\u00e9llas que se env\u00edan al equipo terminal del usuario desde un equipo o dominio que no es gestionado por el editor, sino por otra entidad que trata los datos obtenidos trav\u00e9s de las cookies.<\/li><\/ul><p>En el caso de que las cookies sean instaladas desde un equipo o dominio gestionado por el propio editor, pero la informaci\u00f3n que se recoja mediante \u00e9stas sea gestionada por un tercero, no pueden ser consideradas como cookies propias.<\/p><p><b>2. Tipos de cookies seg\u00fan el plazo de tiempo que permanecen activadas:<\/b><\/p><p>Seg\u00fan el plazo de tiempo que permanecen activadas en el equipo terminal podemos distinguir:<\/p><ul><li><b>Cookies de sesi\u00f3n<\/b>: Son un tipo de cookies dise\u00f1adas para recabar y almacenar datos mientras el usuario accede a una p\u00e1gina web. Se suelen emplear para almacenar informaci\u00f3n que solo interesa conservar para la prestaci\u00f3n del servicio solicitado por el usuario en una sola ocasi\u00f3n.<span class=\"Apple-converted-space\">\u00a0<\/span><\/li><li><b>Cookies persistentes<\/b>: Son un tipo de cookies en el que los datos siguen almacenados en el terminal y pueden ser accedidos y tratados durante un periodo definido por el responsable de la cookie, y que puede ir de unos minutos a varios a\u00f1os.<\/li><\/ul><p><b>3. Tipos de cookies seg\u00fan su finalidad:<\/b><\/p><p>Seg\u00fan la finalidad para la que se traten los datos obtenidos a trav\u00e9s de las cookies, podemos distinguir entre:<\/p><ul><li><b>Cookies t\u00e9cnicas<\/b>: Son aqu\u00e9llas que permiten al usuario la navegaci\u00f3n a trav\u00e9s de una p\u00e1gina web, plataforma o aplicaci\u00f3n y la utilizaci\u00f3n de las diferentes opciones o servicios que en ella existan como, por ejemplo, controlar el tr\u00e1fico y la comunicaci\u00f3n de datos, identificar la sesi\u00f3n, acceder a partes de acceso restringido, recordar los elementos que integran un pedido, realizar el proceso de compra de un pedido, realizar la solicitud de inscripci\u00f3n o participaci\u00f3n en un evento, utilizar elementos de seguridad durante la navegaci\u00f3n, almacenar contenidos para la difusi\u00f3n de v\u00eddeos o sonido o compartir contenidos a trav\u00e9s de redes sociales.<\/li><li><b>Cookies de personalizaci\u00f3n<\/b>: Son aqu\u00e9llas que permiten al usuario acceder al servicio con algunas caracter\u00edsticas de car\u00e1cter general predefinidas en funci\u00f3n de una serie de criterios en el terminal del usuario como por ejemplo serian el idioma, el tipo de navegador a trav\u00e9s del cual accede al servicio, la configuraci\u00f3n regional desde donde accede al servicio, etc.<\/li><li><b>Cookies de an\u00e1lisis<\/b>: Son aqu\u00e9llas que permiten al responsable de estas, el seguimiento y an\u00e1lisis del comportamiento de los usuarios de los sitios web a los que est\u00e1n vinculadas. La informaci\u00f3n recogida mediante este tipo de cookies se utiliza en la medici\u00f3n de la actividad de los sitios web, aplicaci\u00f3n o plataforma y para la elaboraci\u00f3n de perfiles de navegaci\u00f3n de los usuarios de dichos sitios, aplicaciones y plataformas, con el fin de introducir mejoras en funci\u00f3n del an\u00e1lisis de los datos de uso que hacen los usuarios del servicio.<\/li><li><b>Cookies de publicidad<\/b>: Son aquellas que permiten la gesti\u00f3n, de la forma m\u00e1s eficaz posible, de los espacios publicitarios que, en su caso, el editor haya incluido en una p\u00e1gina web, aplicaci\u00f3n o plataforma desde la que presta el servicio solicitado en base a criterios como el contenido editado o la frecuencia en la que se muestran los anuncios.<\/li><li><b>Cookies de publicidad comportamental: <\/b>Son aqu\u00e9llas que permiten la gesti\u00f3n, de la forma m\u00e1s eficaz posible, de los espacios publicitarios que, en su caso, el editor haya incluido en una p\u00e1gina web, aplicaci\u00f3n o plataforma desde la que presta el servicio solicitado. Estas cookies almacenan informaci\u00f3n del comportamiento de los usuarios obtenida a trav\u00e9s de la observaci\u00f3n continuada de sus h\u00e1bitos de navegaci\u00f3n, lo que permite desarrollar un perfil espec\u00edfico para mostrar publicidad en funci\u00f3n de este.<\/li><\/ul><p><b>C\u00f3mo gestionar las Cookies en su equipo: la desactivaci\u00f3n y eliminaci\u00f3n de las cookies<\/b><\/p><p>Todos los navegadores de Internet le permiten limitar el comportamiento de una cookie o desactivar las cookies dentro de la configuraci\u00f3n o las opciones del navegador. Los pasos para hacerlo son diferentes para cada navegador, se pueden encontrar instrucciones en el men\u00fa de ayuda de su navegador.<\/p><p>Si no acepta el uso de las cookies, ya que es posible gracias a los men\u00fas de preferencias o ajustes de su navegador, rechazarlas, LA WEB seguir\u00e1 funcionando adecuadamente sin el uso de estas.<\/p><p>Puede usted permitir, bloquear o eliminar las cookies instaladas en su equipo mediante la configuraci\u00f3n de las opciones del navegador instalado en su ordenador:<\/p><p>Para m\u00e1s informaci\u00f3n sobre<b>\u00a0Internet Explorer pulse aqu\u00ed<\/b>:\u00a0<span class=\"Apple-converted-space\">\u00a0<\/span><\/p><p><a href=\"https:\/\/support.microsoft.com\/es-us\/help\/17442\">https:\/\/support.microsoft.com\/es-us\/help\/17442<\/a><\/p><p>Para m\u00e1s informaci\u00f3n sobre\u00a0<b>Chrome pulse aqu\u00ed<\/b>:<span class=\"Apple-converted-space\">\u00a0<\/span><\/p><p>\u00a0<a href=\"http:\/\/support.google.com\/chrome\/bin\/answer.py?hl=es&amp;answer=95647\">http:\/\/support.google.com\/chrome\/bin\/answer.py?hl=es&amp;answer=95647<\/a><span class=\"Apple-converted-space\">\u00a0<\/span><\/p><p>Para m\u00e1s informaci\u00f3n sobre\u00a0<b>Safari pulse aqu\u00ed:<\/b><span class=\"Apple-converted-space\">\u00a0<\/span><\/p><p><a href=\"https:\/\/support.apple.com\/es-es\/guide\/safari\/sfri11471\/mac\">https:\/\/support.apple.com\/es-es\/guide\/safari\/sfri11471\/mac<\/a><\/p><p>Para m\u00e1s informaci\u00f3n sobre\u00a0<b>Firefox pulse aqu\u00ed:<span class=\"Apple-converted-space\">\u00a0<\/span><\/b><\/p><p>\u00a0<a href=\"https:\/\/support.mozilla.org\/es\/kb\/cookies-informacion-que-los-sitios-web-guardan-en-\">https:\/\/support.mozilla.org\/es\/kb\/cookies-informacion-que-los-sitios-web-guardan-en-<\/a><\/p><p>A trav\u00e9s de su navegador, usted tambi\u00e9n puede ver las cookies que est\u00e1n en su ordenador, y borrarlas seg\u00fan crea conveniente. Las cookies son archivos de texto, los puede abrir y leer el contenido. Los datos dentro de ellos casi siempre est\u00e1n cifrados con una clave num\u00e9rica que corresponde a una sesi\u00f3n en Internet por lo que muchas veces no tiene sentido m\u00e1s all\u00e1 de la p\u00e1gina web que lo escribi\u00f3.<\/p><p><b>Consentimiento informado<\/b><\/p><p>La utilizaci\u00f3n de LA WEB por su parte implica que <b>el USUARIO presta su consentimiento expreso e inequ\u00edvoco a la utilizaci\u00f3n de cookies, en los t\u00e9rminos y condiciones previstos en esta Pol\u00edtica de Cookies<\/b>, sin perjuicio de las medidas de desactivaci\u00f3n y eliminaci\u00f3n de las cookies que el USUARIO pueda adoptar, y que se mencionan en el apartado anterior.<\/p><p><b>Ventajas en la utilizaci\u00f3n de cookies<\/b><\/p><p>La utilizaci\u00f3n de las cookies ofrece numerosas ventajas en la prestaci\u00f3n de servicios de la Sociedad de la Informaci\u00f3n, puesto que, entre otras:<\/p><p>Facilita al USUARIO la navegaci\u00f3n en LA WEB y el acceso a los diferentes servicios que ofrece.<\/p><p>Evita al USUARIO configurar las caracter\u00edsticas generales predefinidas cada vez que accede a LA WEB.<\/p><p>Favorece la mejora del funcionamiento y de los servicios prestados a trav\u00e9s de LA WEB, tras el correspondiente an\u00e1lisis de la informaci\u00f3n obtenida a trav\u00e9s de las cookies instaladas.<\/p><p><b>\u00bfQu\u00e9 ocurre si no utilizo cookies?\u00a0<\/b><\/p><p>Si no utilizas las cookies durante tu visita, determinadas funciones y p\u00e1ginas no funcionar\u00e1n correctamente. Si quieres eliminar alguna cookie que ya est\u00e9 en tu ordenador, consulta las instrucciones de tu software de gesti\u00f3n de archivos para encontrar el archivo o directorio en el que se guardan las cookies.<\/p><p><b>Acerca de este documento:<\/b>\u00a0<\/p><p>Este documento ha sido realizado de conformidad con la legislaci\u00f3n de la UE en materia de comunicaci\u00f3n electr\u00f3nica. Seg\u00fan la normativa vigente las empresas y organizaciones deben ofrecer a los visitantes de sus sitios web una informaci\u00f3n clara y completa sobre el uso de las cookies, en particular sobre los fines del tratamiento de los datos, y deben obtener el consentimiento del usuario para la activaci\u00f3n de la cookie.<\/p><p><b>Revisi\u00f3n de Cookies<\/b><\/p><p>Estas listas se actualizar\u00e1n con la mayor celeridad posible a medida que cambien o evolucionen los servicios de LA WEB. Sin embargo, ocasionalmente durante esta actualizaci\u00f3n puede ser que la lista no incluya todas las cookies, aunque siempre se referir\u00e1 a cookies con prop\u00f3sitos id\u00e9nticos a los registrados ya en las siguientes tablas de referencia.<\/p><p><b>An\u00e1lisis de LA WEB<\/b><\/p><p>Las cookies utilizadas en LA WEB son propias y de terceros y nos permiten almacenar y acceder a informaci\u00f3n relativa al idioma, el tipo de navegador utilizado y a otras caracter\u00edsticas generales predefinidas por el USUARIO, as\u00ed como seguir y analizar la actividad que lleva a cabo, con el objeto de introducir mejoras y prestar nuestros servicios de una manera m\u00e1s eficiente y personalizada.<\/p>\t\t\t\t\t\t\t\t<\/div>\n\t\t\t\t<\/div>\n\t\t\t\t\t<\/div>\n\t\t\t\t<\/div>\n\t\t\t\t<\/div>\n\t\t","protected":false},"excerpt":{"rendered":"<p>POLITICA DE COOKIES Informaci\u00f3n General \u00bfQu\u00e9 son las cookies? Una cookie es un fichero que se descarga en su ordenador al acceder a determinadas p\u00e1ginas web. Las cookies permiten a una p\u00e1gina web, entre otras cosas, almacenar y recuperar informaci\u00f3n sobre los h\u00e1bitos de navegaci\u00f3n de un usuario o de su equipo y, dependiendo de [&hellip;]<\/p>\n","protected":false},"author":2,"featured_media":0,"parent":0,"menu_order":0,"comment_status":"closed","ping_status":"closed","template":"elementor_header_footer","meta":{"_acf_changed":false,"footnotes":""},"class_list":["post-447","page","type-page","status-publish","hentry"],"acf":[],"yoast_head":"<!-- This site is optimized with the Yoast SEO plugin v27.5 - https:\/\/yoast.com\/product\/yoast-seo-wordpress\/ -->\n<title>Pol\u00edtica de cookies - B2B SALES ACADEMY<\/title>\n<meta name=\"robots\" content=\"index, follow, max-snippet:-1, max-image-preview:large, max-video-preview:-1\" \/>\n<link rel=\"canonical\" href=\"https:\/\/theb2bsalesacademy.com\/index.php\/politica-de-cookies\/\" \/>\n<meta property=\"og:locale\" content=\"es_ES\" \/>\n<meta property=\"og:type\" content=\"article\" \/>\n<meta property=\"og:title\" content=\"Pol\u00edtica de cookies - B2B SALES ACADEMY\" \/>\n<meta property=\"og:description\" content=\"POLITICA DE COOKIES Informaci\u00f3n General \u00bfQu\u00e9 son las cookies? Una cookie es un fichero que se descarga en su ordenador al acceder a determinadas p\u00e1ginas web. Las cookies permiten a una p\u00e1gina web, entre otras cosas, almacenar y recuperar informaci\u00f3n sobre los h\u00e1bitos de navegaci\u00f3n de un usuario o de su equipo y, dependiendo de [&hellip;]\" \/>\n<meta property=\"og:url\" content=\"https:\/\/theb2bsalesacademy.com\/index.php\/politica-de-cookies\/\" \/>\n<meta property=\"og:site_name\" content=\"B2B SALES ACADEMY\" \/>\n<meta property=\"article:modified_time\" content=\"2024-10-24T10:29:00+00:00\" \/>\n<meta name=\"twitter:card\" content=\"summary_large_image\" \/>\n<meta name=\"twitter:label1\" content=\"Tiempo de lectura\" \/>\n\t<meta name=\"twitter:data1\" content=\"7 minutos\" \/>\n<script type=\"application\/ld+json\" class=\"yoast-schema-graph\">{\"@context\":\"https:\\\/\\\/schema.org\",\"@graph\":[{\"@type\":\"WebPage\",\"@id\":\"https:\\\/\\\/theb2bsalesacademy.com\\\/index.php\\\/politica-de-cookies\\\/\",\"url\":\"https:\\\/\\\/theb2bsalesacademy.com\\\/index.php\\\/politica-de-cookies\\\/\",\"name\":\"Pol\u00edtica de cookies - B2B SALES ACADEMY\",\"isPartOf\":{\"@id\":\"https:\\\/\\\/theb2bsalesacademy.com\\\/#website\"},\"datePublished\":\"2024-10-24T10:23:43+00:00\",\"dateModified\":\"2024-10-24T10:29:00+00:00\",\"breadcrumb\":{\"@id\":\"https:\\\/\\\/theb2bsalesacademy.com\\\/index.php\\\/politica-de-cookies\\\/#breadcrumb\"},\"inLanguage\":\"es\",\"potentialAction\":[{\"@type\":\"ReadAction\",\"target\":[\"https:\\\/\\\/theb2bsalesacademy.com\\\/index.php\\\/politica-de-cookies\\\/\"]}]},{\"@type\":\"BreadcrumbList\",\"@id\":\"https:\\\/\\\/theb2bsalesacademy.com\\\/index.php\\\/politica-de-cookies\\\/#breadcrumb\",\"itemListElement\":[{\"@type\":\"ListItem\",\"position\":1,\"name\":\"Portada\",\"item\":\"https:\\\/\\\/theb2bsalesacademy.com\\\/\"},{\"@type\":\"ListItem\",\"position\":2,\"name\":\"Pol\u00edtica de cookies\"}]},{\"@type\":\"WebSite\",\"@id\":\"https:\\\/\\\/theb2bsalesacademy.com\\\/#website\",\"url\":\"https:\\\/\\\/theb2bsalesacademy.com\\\/\",\"name\":\"B2B SALES ACADEMY\",\"description\":\"\u00a1Transforma y mejora tu equipo con B2B Sales Academy!\",\"publisher\":{\"@id\":\"https:\\\/\\\/theb2bsalesacademy.com\\\/#organization\"},\"potentialAction\":[{\"@type\":\"SearchAction\",\"target\":{\"@type\":\"EntryPoint\",\"urlTemplate\":\"https:\\\/\\\/theb2bsalesacademy.com\\\/?s={search_term_string}\"},\"query-input\":{\"@type\":\"PropertyValueSpecification\",\"valueRequired\":true,\"valueName\":\"search_term_string\"}}],\"inLanguage\":\"es\"},{\"@type\":\"Organization\",\"@id\":\"https:\\\/\\\/theb2bsalesacademy.com\\\/#organization\",\"name\":\"B2B SALES ACADEMY\",\"url\":\"https:\\\/\\\/theb2bsalesacademy.com\\\/\",\"logo\":{\"@type\":\"ImageObject\",\"inLanguage\":\"es\",\"@id\":\"https:\\\/\\\/theb2bsalesacademy.com\\\/#\\\/schema\\\/logo\\\/image\\\/\",\"url\":\"https:\\\/\\\/theb2bsalesacademy.com\\\/wp-content\\\/uploads\\\/2024\\\/09\\\/isotipo-B2BSA-1-1.png\",\"contentUrl\":\"https:\\\/\\\/theb2bsalesacademy.com\\\/wp-content\\\/uploads\\\/2024\\\/09\\\/isotipo-B2BSA-1-1.png\",\"width\":33,\"height\":47,\"caption\":\"B2B SALES ACADEMY\"},\"image\":{\"@id\":\"https:\\\/\\\/theb2bsalesacademy.com\\\/#\\\/schema\\\/logo\\\/image\\\/\"}}]}<\/script>\n<!-- \/ Yoast SEO plugin. -->","yoast_head_json":{"title":"Pol\u00edtica de cookies - B2B SALES ACADEMY","robots":{"index":"index","follow":"follow","max-snippet":"max-snippet:-1","max-image-preview":"max-image-preview:large","max-video-preview":"max-video-preview:-1"},"canonical":"https:\/\/theb2bsalesacademy.com\/index.php\/politica-de-cookies\/","og_locale":"es_ES","og_type":"article","og_title":"Pol\u00edtica de cookies - B2B SALES ACADEMY","og_description":"POLITICA DE COOKIES Informaci\u00f3n General \u00bfQu\u00e9 son las cookies? Una cookie es un fichero que se descarga en su ordenador al acceder a determinadas p\u00e1ginas web. Las cookies permiten a una p\u00e1gina web, entre otras cosas, almacenar y recuperar informaci\u00f3n sobre los h\u00e1bitos de navegaci\u00f3n de un usuario o de su equipo y, dependiendo de [&hellip;]","og_url":"https:\/\/theb2bsalesacademy.com\/index.php\/politica-de-cookies\/","og_site_name":"B2B SALES ACADEMY","article_modified_time":"2024-10-24T10:29:00+00:00","twitter_card":"summary_large_image","twitter_misc":{"Tiempo de lectura":"7 minutos"},"schema":{"@context":"https:\/\/schema.org","@graph":[{"@type":"WebPage","@id":"https:\/\/theb2bsalesacademy.com\/index.php\/politica-de-cookies\/","url":"https:\/\/theb2bsalesacademy.com\/index.php\/politica-de-cookies\/","name":"Pol\u00edtica de cookies - B2B SALES ACADEMY","isPartOf":{"@id":"https:\/\/theb2bsalesacademy.com\/#website"},"datePublished":"2024-10-24T10:23:43+00:00","dateModified":"2024-10-24T10:29:00+00:00","breadcrumb":{"@id":"https:\/\/theb2bsalesacademy.com\/index.php\/politica-de-cookies\/#breadcrumb"},"inLanguage":"es","potentialAction":[{"@type":"ReadAction","target":["https:\/\/theb2bsalesacademy.com\/index.php\/politica-de-cookies\/"]}]},{"@type":"BreadcrumbList","@id":"https:\/\/theb2bsalesacademy.com\/index.php\/politica-de-cookies\/#breadcrumb","itemListElement":[{"@type":"ListItem","position":1,"name":"Portada","item":"https:\/\/theb2bsalesacademy.com\/"},{"@type":"ListItem","position":2,"name":"Pol\u00edtica de cookies"}]},{"@type":"WebSite","@id":"https:\/\/theb2bsalesacademy.com\/#website","url":"https:\/\/theb2bsalesacademy.com\/","name":"B2B SALES ACADEMY","description":"\u00a1Transforma y mejora tu equipo con B2B Sales Academy!","publisher":{"@id":"https:\/\/theb2bsalesacademy.com\/#organization"},"potentialAction":[{"@type":"SearchAction","target":{"@type":"EntryPoint","urlTemplate":"https:\/\/theb2bsalesacademy.com\/?s={search_term_string}"},"query-input":{"@type":"PropertyValueSpecification","valueRequired":true,"valueName":"search_term_string"}}],"inLanguage":"es"},{"@type":"Organization","@id":"https:\/\/theb2bsalesacademy.com\/#organization","name":"B2B SALES ACADEMY","url":"https:\/\/theb2bsalesacademy.com\/","logo":{"@type":"ImageObject","inLanguage":"es","@id":"https:\/\/theb2bsalesacademy.com\/#\/schema\/logo\/image\/","url":"https:\/\/theb2bsalesacademy.com\/wp-content\/uploads\/2024\/09\/isotipo-B2BSA-1-1.png","contentUrl":"https:\/\/theb2bsalesacademy.com\/wp-content\/uploads\/2024\/09\/isotipo-B2BSA-1-1.png","width":33,"height":47,"caption":"B2B SALES ACADEMY"},"image":{"@id":"https:\/\/theb2bsalesacademy.com\/#\/schema\/logo\/image\/"}}]}},"_links":{"self":[{"href":"https:\/\/theb2bsalesacademy.com\/index.php\/wp-json\/wp\/v2\/pages\/447","targetHints":{"allow":["GET"]}}],"collection":[{"href":"https:\/\/theb2bsalesacademy.com\/index.php\/wp-json\/wp\/v2\/pages"}],"about":[{"href":"https:\/\/theb2bsalesacademy.com\/index.php\/wp-json\/wp\/v2\/types\/page"}],"author":[{"embeddable":true,"href":"https:\/\/theb2bsalesacademy.com\/index.php\/wp-json\/wp\/v2\/users\/2"}],"replies":[{"embeddable":true,"href":"https:\/\/theb2bsalesacademy.com\/index.php\/wp-json\/wp\/v2\/comments?post=447"}],"version-history":[{"count":7,"href":"https:\/\/theb2bsalesacademy.com\/index.php\/wp-json\/wp\/v2\/pages\/447\/revisions"}],"predecessor-version":[{"id":457,"href":"https:\/\/theb2bsalesacademy.com\/index.php\/wp-json\/wp\/v2\/pages\/447\/revisions\/457"}],"wp:attachment":[{"href":"https:\/\/theb2bsalesacademy.com\/index.php\/wp-json\/wp\/v2\/media?parent=447"}],"curies":[{"name":"wp","href":"https:\/\/api.w.org\/{rel}","templated":true}]}}