{"id":442,"date":"2024-10-24T11:22:26","date_gmt":"2024-10-24T10:22:26","guid":{"rendered":"https:\/\/theb2bsalesacademy.com\/?page_id=442"},"modified":"2024-10-24T11:23:09","modified_gmt":"2024-10-24T10:23:09","slug":"aviso-legal","status":"publish","type":"page","link":"https:\/\/theb2bsalesacademy.com\/index.php\/aviso-legal\/","title":{"rendered":"Aviso Legal"},"content":{"rendered":"\t\t<div data-elementor-type=\"wp-page\" data-elementor-id=\"442\" class=\"elementor elementor-442\">\n\t\t\t\t<div class=\"elementor-element elementor-element-1eef904 e-flex e-con-boxed e-con e-parent\" data-id=\"1eef904\" data-element_type=\"container\">\n\t\t\t\t\t<div class=\"e-con-inner\">\n\t\t\t\t<div class=\"elementor-element elementor-element-1b323ee elementor-widget elementor-widget-text-editor\" data-id=\"1b323ee\" data-element_type=\"widget\" data-widget_type=\"text-editor.default\">\n\t\t\t\t<div class=\"elementor-widget-container\">\n\t\t\t\t\t\t\t\t\t<p><b>Titularidad del Portal<\/b><\/p><p>En cumplimiento del art\u00edculo 10 de la Ley 34\/2002, de 11 de julio, de Servicios de la Sociedad de la Informaci\u00f3n y comercio electr\u00f3nico (en adelante, LSSI), le informamos que el titular del sitio Web \u201cwww.theb2bsalesacademy.com\u201d (en adelante, LA WEB) es la entidad denominada <b>RVB BUSINESS CONSULTING, S. L<\/b>. Se informa a continuaci\u00f3n del resto de datos identificativos exigidos por la LSSI:<\/p><p><b>RVB BUSINESS CONSULTING, S. L.<\/b> (en adelante, B2B SALES ACADEMY)<\/p><p>CIF: B67091959<\/p><p>Direcci\u00f3n Establecimiento Permanente: Av. Diagonal, 263, 08013 \u2013 Barcelona (Espa\u00f1a).<\/p><p>Datos Registrales: Inscrita en el Registro Mercantil de Barcelona al Tomo 46.213, Folio 103, Hoja 513100, Inscripci\u00f3n 1\u00aa.<\/p><p>Email de contacto web: <a href=\"mailto:legal@theb2bsalesacademy.com\">legal@theb2bsalesacademy.com<\/a>.<\/p><p>Actividad: Formaci\u00f3n h\u00edbrida adaptada para equipos comerciales y de marketing.<\/p><p><b>Condiciones de uso del Portal<\/b><\/p><p>El acceso a LA WEB le atribuye la condici\u00f3n de USUARIO e implica la aceptaci\u00f3n plena y sin reservas de todas las condiciones establecidas en el presente AVISO LEGAL. Dichas condiciones tienen por objeto regular tanto la puesta a disposici\u00f3n de la informaci\u00f3n como las posibles relaciones comerciales que, en su caso, surjan entre B2B SALES ACADEMY y los usuarios de LA WEB.<\/p><p>Si el USUARIO decide utilizar alguno de los servicios gestionados por LA WEB, deber\u00e1 aceptar de forma expresa y previa todos los t\u00e9rminos y condiciones incluidos en el presente AVISO LEGAL y en las pol\u00edticas de PRIVACIDAD y de COOKIES, por lo que, si el USUARIO no est\u00e1 de acuerdo con todas y cada una de las condiciones establecidas, deber\u00e1 abstenerse de la utilizaci\u00f3n de LA WEB.<\/p><p>Existen condiciones dentro del presente AVISO LEGAL que hacen referencia a la utilizaci\u00f3n de un determinado servicio, y afectan \u00fanica y exclusivamente a la relaci\u00f3n establecida entre B2B SALES ACADEMY y los USUARIOS de dichos servicios, no afectando al resto de los USUARIOS de LA WEB que no se den de alta en los mismos. El hecho de aceptar condiciones de servicio a la hora de formalizar el alta del USUARIO no implica asumir ninguna obligaci\u00f3n en dicho momento. Dichas obligaciones no entrar\u00e1n en vigor hasta que el USUARIO decida efectivamente utilizar el servicio ofrecido en LA WEB o mediante el cruce de informaci\u00f3n que se efect\u00fae por v\u00eda electr\u00f3nica con B2B SALES ACADEMY.<\/p><p>B2B SALES ACADEMY se reserva el derecho a modificar o actualizar en todo o en parte el contenido del presente AVISO LEGAL, teniendo en cuenta los eventuales cambios de la legislaci\u00f3n y las normas aplicables. Cada nueva versi\u00f3n del AVISO LEGAL ser\u00e1 efectiva a partir de la fecha de su publicaci\u00f3n en LA WEB. El USUARIO, deber\u00e1 revisar su contenido en cada acceso que efect\u00fae. Si el USUARIO no est\u00e1 de acuerdo con cualquier cambio que se pueda producir, le rogamos que no utilice LA WEB.<\/p><p>Se permite establecer enlaces electr\u00f3nicos dirigidos a LA WEB siempre y cuando no alteren, falseen, limiten o modifiquen de cualquier modo el contenido o presentaci\u00f3n de las p\u00e1ginas que integran LA WEB tal y como han sido dise\u00f1adas por B2B SALES ACADEMY.<\/p><p>B2B SALES ACADEMY no asume la responsabilidad del contenido de los sitios web de terceros a los que LA WEB establezca enlaces. Si en alg\u00fan momento se tiene constancia de la ilicitud de todo o parte de su contenido, se eliminar\u00e1 autom\u00e1ticamente el enlace establecido a dicha web.<\/p><p><b>Responsabilidad de B2B SALES ACADEMY<\/b><\/p><p>B2B SALES ACADEMY responder\u00e1 de los da\u00f1os y perjuicios que el USUARIO pueda sufrir como consecuencia de la utilizaci\u00f3n de LA WEB, siempre que dichos da\u00f1os sean directamente imputables a una actuaci\u00f3n dolosa o negligente de B2B SALES ACADEMY, y en la actuaci\u00f3n del USUARIO no concurriese culpa o negligencia. No existir\u00e1, en cualquier caso, actuaci\u00f3n dolosa o negligente por parte de B2B SALES ACADEMY cuando pruebe que ha cumplido con las exigencias y requisitos legalmente establecidos y los dem\u00e1s cuidados y diligencias requeridos por la naturaleza del servicio prestado.<\/p><p>Los servicios de la sociedad de la informaci\u00f3n ofrecidos en LA WEB y no sometidos a contrataci\u00f3n previa son prestados al USUARIO sin exigencia de contrapartida alguna. \u00danicamente conllevan para el USUARIO la obligaci\u00f3n de cumplir las normas de uso establecidas en el presente AVISO LEGAL. B2B SALES ACADEMY no se compromete, por tanto, a cumplir determinados niveles de disponibilidad de LA WEB ni adoptar medidas de seguridad espec\u00edficas. Igualmente, B2B SALES ACADEMY podr\u00e1 suspender, retirar o cancelar parcial o totalmente los servicios no sometidos a contrataci\u00f3n en cualquier momento y sin necesidad de aviso previo. En el supuesto de producirse tal cancelaci\u00f3n, no afectar\u00e1 a los servicios que han sido objeto de contrataci\u00f3n previa que seguir\u00e1n su curso pertinente conforme a lo pactado con dichos USUARIOS.<\/p><p>La conexi\u00f3n a Internet necesaria para el acceso a LA WEB no es en ning\u00fan caso suministrada por B2B SALES ACADEMY, siendo responsabilidad del USUARIO. Se informa al USUARIO que las comunicaciones a trav\u00e9s de redes abiertas no son seguras. Es responsabilidad del USUARIO adoptar todas las medidas t\u00e9cnicas adecuadas para controlar razonablemente estos riesgos y evitar da\u00f1os en sus equipos, p\u00e9rdida de datos o robo de informaci\u00f3n confidencial. A estos efectos, se recomienda proveerse de sistemas actualizados de detecci\u00f3n de software malicioso, as\u00ed como tener actualizados los parches de seguridad del navegador que utilice en su acceso a LA WEB.<\/p><p><b>Obligaciones del USUARIO<\/b><\/p><p>Con car\u00e1cter general el USUARIO se obliga al cumplimiento de las condiciones establecidas en el presente AVISO LEGAL, as\u00ed como, en su caso, a las condiciones particulares que le fueran de aplicaci\u00f3n en atenci\u00f3n a los servicios o productos solicitados a trav\u00e9s de LA WEB. Igualmente, el USUARIO se obliga a actuar conforme a la ley, a las buenas costumbres y las exigencias de la buena fe, empleando la diligencia adecuada a la naturaleza del servicio que disfruta, absteni\u00e9ndose de utilizar LA WEB de cualquier forma que pueda impedir, da\u00f1ar o deteriorar el normal funcionamiento de la misma, los bienes o derechos de B2B SALES ACADEMY, sus proveedores, el resto de los usuarios o, en general, de cualquier tercero.<\/p><p>En particular, y sin que ello implique restricci\u00f3n alguna a las obligaciones asumidas por el USUARIO con car\u00e1cter general establecidas en el apartado anterior, el USUARIO se obliga en su uso de LA WEB, as\u00ed como en la prestaci\u00f3n de servicios gestionados a trav\u00e9s de la misma, a:<\/p><p>1.- En el supuesto de registrarse, se obliga a proporcionar de forma veraz los datos solicitados y a mantenerlos actualizados.<\/p><p>2.- No introducir, almacenar o difundir en o desde LA WEB, cualquier informaci\u00f3n o material que fuera difamatorio, injurioso, obsceno, amenazante, xen\u00f3fobo, que incite a la violencia, a la discriminaci\u00f3n por raz\u00f3n de raza, sexo, ideolog\u00eda, religi\u00f3n o que de cualquier forma atente contra la moral, el orden p\u00fablico, los derechos fundamentales, las libertades p\u00fablicas, el honor, la intimidad o la imagen de terceros.<\/p><p>3.- No introducir, almacenar o difundir mediante LA WEB ning\u00fan software, datos, virus, c\u00f3digo, o cualquier otro instrumento o dispositivo electr\u00f3nico o f\u00edsico que sea susceptible de provocar da\u00f1os en LA WEB, en cualquiera de los servicios gestionados, o en cualquiera de los equipos, sistemas o redes de B2B SALES ACADEMY, de cualquier usuario, de los proveedores de B2B SALES ACADEMY, o en general, de cualquier tercero.<\/p><p>4.- No realizar actividades publicitarias, promocionales o de explotaci\u00f3n comercial a trav\u00e9s de LA WEB, ni a utilizar los contenidos o informaci\u00f3n obtenida a trav\u00e9s de la misma para remitir publicidad, enviar mensajes con fines de venta directa o con cualquier otro fin comercial.<\/p><p>5.- No utilizar identidades falsas, ni suplantar la identidad de otros en el uso de LA WEB, o en la utilizaci\u00f3n de cualquiera de los servicios ofrecidos en la misma, incluyendo la utilizaci\u00f3n de contrase\u00f1as o claves de acceso de otros usuarios.<\/p><p>6.- No utilizar, destruir, alterar, inutilizar o da\u00f1ar los datos, informaciones, programas o documentos electr\u00f3nicos de B2B SALES ACADEMY, sus proveedores o terceros.<\/p><p>7.- No introducir, almacenar o difundir mediante LA WEB cualquier contenido que infrinja derechos de propiedad intelectual, industrial o informaci\u00f3n \u00edntima, personal o confidencial de terceros, ni en general ning\u00fan dato del cual no ostentara, de conformidad con la legalidad vigente, el derecho a ponerlo a disposici\u00f3n de un tercero.<\/p><p><b>Comunicaciones<\/b><\/p><p>Para cualquier comunicaci\u00f3n que sea precisa entre B2B SALES ACADEMY y los USUARIOS, \u00e9stos deber\u00e1n dirigirse mediante correo electr\u00f3nico a contacto@B2B Sales Academy.com, o por correo tradicional a B2B SALES ACADEMY, Av.\u00a0Diagonal, 263, 08013 &#8211; Barcelona (Espa\u00f1a).<\/p><p>B2B SALES ACADEMY informa al USUARIO que para el c\u00f3mputo de todos los plazos especificados en d\u00edas h\u00e1biles dentro de LA WEB se excluir\u00e1n los s\u00e1bados y domingos, los festivos nacionales, as\u00ed como los locales que se fijen anualmente para la localidad de Barcelona (Espa\u00f1a).<\/p><p>Las comunicaciones de B2B SALES ACADEMY al USUARIO se realizar\u00e1n conforme a los datos aportados por \u00e9ste al registrarse en LA WEB, o en su caso, por la direcci\u00f3n que conste en la \u00faltima comunicaci\u00f3n escrita dirigida por el USUARIO.<\/p><p>El USUARIO acepta expresamente y para todas las comunicaciones relacionadas con la utilizaci\u00f3n de LA WEB, y\/o la contrataci\u00f3n de los servicios ofertados en la misma, la utilizaci\u00f3n del correo electr\u00f3nico como procedimiento v\u00e1lido para la remisi\u00f3n de dichas comunicaciones. Igualmente acepta como medio v\u00e1lido de comunicaci\u00f3n los anuncios colgados directamente en LA WEB.<\/p><p><b>Propiedad Intelectual, Industrial y derechos de imagen.<\/b><\/p><p>Todos los contenidos presentes en LA WEB, dise\u00f1os, textos, im\u00e1genes, fotograf\u00edas, videos, logotipos, c\u00f3digos fuente, la selecci\u00f3n y forma de presentaci\u00f3n de los materiales incluidos en la misma, as\u00ed como su estructura y dise\u00f1o, se encuentran sujetos a los derechos de propiedad intelectual y\/o industrial pertenecientes al titular de LA WEB, o su uso ha sido autorizado con limitaciones por sus titulares, por lo que queda terminantemente prohibida la reproducci\u00f3n total o parcial, comunicaci\u00f3n p\u00fablica, modificaci\u00f3n, transformaci\u00f3n, copia, distribuci\u00f3n, o cualquier otra forma de explotaci\u00f3n y manipulaci\u00f3n de dichos elementos. Ning\u00fan USUARIO podr\u00e1 llevar a cabo estas acciones sin la autorizaci\u00f3n previa y por escrito de B2B SALES ACADEMY y, en su caso, de los titulares de dichos derechos.<\/p><p>Asimismo, todas las fotograf\u00edas y videos que aparecen en LA WEB est\u00e1n protegidas por los derechos de imagen de los titulares que aparecen en los mismos. B2B SALES ACADEMY s\u00f3lo ha recabado su autorizaci\u00f3n para la publicaci\u00f3n en LA WEB, por lo que queda terminantemente prohibida la copia de dichas im\u00e1genes, salvo autorizaci\u00f3n expresa y por escrito de los titulares de estas y de B2B SALES ACADEMY.<\/p><p><b>Exenci\u00f3n de Responsabilidad.<\/b><\/p><p>B2B SALES ACADEMY no es responsable del mal uso que el USUARIO realice de los contenidos de LA WEB, reserv\u00e1ndose el derecho de actualizar, modificar, conservar, eliminar, o impedir el acceso a cualquier contenido que aparezca en la misma, o de cerrarla sin previo aviso.<\/p><p>B2B SALES ACADEMY no ser\u00e1 responsable de posibles da\u00f1os o perjuicios que se pudieran derivar de interferencias, omisiones, interrupciones, virus inform\u00e1ticos, aver\u00edas telef\u00f3nicas o desconexiones en el funcionamiento operativo de este sistema electr\u00f3nico, motivadas por casusas ajenas; de retrasos o bloqueos en el uso del presente sistema electr\u00f3nico causados por deficiencias o sobrecargas de l\u00edneas telef\u00f3nicas, en el sistema de Internet o en otros sistemas electr\u00f3nicos, as\u00ed como de da\u00f1os que puedan ser causados por terceras personas mediante intromisiones ileg\u00edtimas fuera del control de B2B SALES ACADEMY.<\/p><p>B2B SALES ACADEMY no ser\u00e1 responsable de las infracciones cometidas por el USUARIO que atenten contra los derechos de otro usuario de LA WEB o de terceros, que afecten al copyright, marcas, patentes, informaci\u00f3n confidencial y cualquier otro derecho de propiedad industrial o intelectual.<\/p><p><b>Legislaci\u00f3n aplicable<\/b><\/p><p>Las relaciones establecidas entre B2B SALES ACADEMY y el USUARIO a trav\u00e9s de LA WEB se someter\u00e1n a la legislaci\u00f3n espa\u00f1ola, salvo en aquellos supuestos en que, como consumidor, le sean aplicables otras disposiciones m\u00e1s ventajosas de obligada aplicaci\u00f3n al USUARIO. El presente contrato se ha redactado en castellano y ser\u00e1 la \u00fanica lengua en que podr\u00e1 formalizarse la contrataci\u00f3n electr\u00f3nica, aunque para facilitar la comprensi\u00f3n se pueda presentar en otros idiomas a efectos meramente informativos.<\/p>\t\t\t\t\t\t\t\t<\/div>\n\t\t\t\t<\/div>\n\t\t\t\t\t<\/div>\n\t\t\t\t<\/div>\n\t\t\t\t<\/div>\n\t\t","protected":false},"excerpt":{"rendered":"<p>Titularidad del Portal En cumplimiento del art\u00edculo 10 de la Ley 34\/2002, de 11 de julio, de Servicios de la Sociedad de la Informaci\u00f3n y comercio electr\u00f3nico (en adelante, LSSI), le informamos que el titular del sitio Web \u201cwww.theb2bsalesacademy.com\u201d (en adelante, LA WEB) es la entidad denominada RVB BUSINESS CONSULTING, S. L. Se informa a [&hellip;]<\/p>\n","protected":false},"author":2,"featured_media":0,"parent":0,"menu_order":0,"comment_status":"closed","ping_status":"closed","template":"elementor_header_footer","meta":{"_acf_changed":false,"footnotes":""},"class_list":["post-442","page","type-page","status-publish","hentry"],"acf":[],"yoast_head":"<!-- This site is optimized with the Yoast SEO plugin v27.4 - https:\/\/yoast.com\/product\/yoast-seo-wordpress\/ -->\n<title>Aviso Legal - B2B SALES ACADEMY<\/title>\n<meta name=\"robots\" content=\"index, follow, max-snippet:-1, max-image-preview:large, max-video-preview:-1\" \/>\n<link rel=\"canonical\" href=\"https:\/\/theb2bsalesacademy.com\/index.php\/aviso-legal\/\" \/>\n<meta property=\"og:locale\" content=\"es_ES\" \/>\n<meta property=\"og:type\" content=\"article\" \/>\n<meta property=\"og:title\" content=\"Aviso Legal - B2B SALES ACADEMY\" \/>\n<meta property=\"og:description\" content=\"Titularidad del Portal En cumplimiento del art\u00edculo 10 de la Ley 34\/2002, de 11 de julio, de Servicios de la Sociedad de la Informaci\u00f3n y comercio electr\u00f3nico (en adelante, LSSI), le informamos que el titular del sitio Web \u201cwww.theb2bsalesacademy.com\u201d (en adelante, LA WEB) es la entidad denominada RVB BUSINESS CONSULTING, S. L. Se informa a [&hellip;]\" \/>\n<meta property=\"og:url\" content=\"https:\/\/theb2bsalesacademy.com\/index.php\/aviso-legal\/\" \/>\n<meta property=\"og:site_name\" content=\"B2B SALES ACADEMY\" \/>\n<meta property=\"article:modified_time\" content=\"2024-10-24T10:23:09+00:00\" \/>\n<meta name=\"twitter:card\" content=\"summary_large_image\" \/>\n<meta name=\"twitter:label1\" content=\"Tiempo de lectura\" \/>\n\t<meta name=\"twitter:data1\" content=\"10 minutos\" \/>\n<script type=\"application\/ld+json\" class=\"yoast-schema-graph\">{\"@context\":\"https:\\\/\\\/schema.org\",\"@graph\":[{\"@type\":\"WebPage\",\"@id\":\"https:\\\/\\\/theb2bsalesacademy.com\\\/index.php\\\/aviso-legal\\\/\",\"url\":\"https:\\\/\\\/theb2bsalesacademy.com\\\/index.php\\\/aviso-legal\\\/\",\"name\":\"Aviso Legal - B2B SALES ACADEMY\",\"isPartOf\":{\"@id\":\"https:\\\/\\\/theb2bsalesacademy.com\\\/#website\"},\"datePublished\":\"2024-10-24T10:22:26+00:00\",\"dateModified\":\"2024-10-24T10:23:09+00:00\",\"breadcrumb\":{\"@id\":\"https:\\\/\\\/theb2bsalesacademy.com\\\/index.php\\\/aviso-legal\\\/#breadcrumb\"},\"inLanguage\":\"es\",\"potentialAction\":[{\"@type\":\"ReadAction\",\"target\":[\"https:\\\/\\\/theb2bsalesacademy.com\\\/index.php\\\/aviso-legal\\\/\"]}]},{\"@type\":\"BreadcrumbList\",\"@id\":\"https:\\\/\\\/theb2bsalesacademy.com\\\/index.php\\\/aviso-legal\\\/#breadcrumb\",\"itemListElement\":[{\"@type\":\"ListItem\",\"position\":1,\"name\":\"Portada\",\"item\":\"https:\\\/\\\/theb2bsalesacademy.com\\\/\"},{\"@type\":\"ListItem\",\"position\":2,\"name\":\"Aviso Legal\"}]},{\"@type\":\"WebSite\",\"@id\":\"https:\\\/\\\/theb2bsalesacademy.com\\\/#website\",\"url\":\"https:\\\/\\\/theb2bsalesacademy.com\\\/\",\"name\":\"B2B SALES ACADEMY\",\"description\":\"\u00a1Transforma y mejora tu equipo con B2B Sales Academy!\",\"publisher\":{\"@id\":\"https:\\\/\\\/theb2bsalesacademy.com\\\/#organization\"},\"potentialAction\":[{\"@type\":\"SearchAction\",\"target\":{\"@type\":\"EntryPoint\",\"urlTemplate\":\"https:\\\/\\\/theb2bsalesacademy.com\\\/?s={search_term_string}\"},\"query-input\":{\"@type\":\"PropertyValueSpecification\",\"valueRequired\":true,\"valueName\":\"search_term_string\"}}],\"inLanguage\":\"es\"},{\"@type\":\"Organization\",\"@id\":\"https:\\\/\\\/theb2bsalesacademy.com\\\/#organization\",\"name\":\"B2B SALES ACADEMY\",\"url\":\"https:\\\/\\\/theb2bsalesacademy.com\\\/\",\"logo\":{\"@type\":\"ImageObject\",\"inLanguage\":\"es\",\"@id\":\"https:\\\/\\\/theb2bsalesacademy.com\\\/#\\\/schema\\\/logo\\\/image\\\/\",\"url\":\"https:\\\/\\\/theb2bsalesacademy.com\\\/wp-content\\\/uploads\\\/2024\\\/09\\\/isotipo-B2BSA-1-1.png\",\"contentUrl\":\"https:\\\/\\\/theb2bsalesacademy.com\\\/wp-content\\\/uploads\\\/2024\\\/09\\\/isotipo-B2BSA-1-1.png\",\"width\":33,\"height\":47,\"caption\":\"B2B SALES ACADEMY\"},\"image\":{\"@id\":\"https:\\\/\\\/theb2bsalesacademy.com\\\/#\\\/schema\\\/logo\\\/image\\\/\"}}]}<\/script>\n<!-- \/ Yoast SEO plugin. -->","yoast_head_json":{"title":"Aviso Legal - B2B SALES ACADEMY","robots":{"index":"index","follow":"follow","max-snippet":"max-snippet:-1","max-image-preview":"max-image-preview:large","max-video-preview":"max-video-preview:-1"},"canonical":"https:\/\/theb2bsalesacademy.com\/index.php\/aviso-legal\/","og_locale":"es_ES","og_type":"article","og_title":"Aviso Legal - B2B SALES ACADEMY","og_description":"Titularidad del Portal En cumplimiento del art\u00edculo 10 de la Ley 34\/2002, de 11 de julio, de Servicios de la Sociedad de la Informaci\u00f3n y comercio electr\u00f3nico (en adelante, LSSI), le informamos que el titular del sitio Web \u201cwww.theb2bsalesacademy.com\u201d (en adelante, LA WEB) es la entidad denominada RVB BUSINESS CONSULTING, S. L. Se informa a [&hellip;]","og_url":"https:\/\/theb2bsalesacademy.com\/index.php\/aviso-legal\/","og_site_name":"B2B SALES ACADEMY","article_modified_time":"2024-10-24T10:23:09+00:00","twitter_card":"summary_large_image","twitter_misc":{"Tiempo de lectura":"10 minutos"},"schema":{"@context":"https:\/\/schema.org","@graph":[{"@type":"WebPage","@id":"https:\/\/theb2bsalesacademy.com\/index.php\/aviso-legal\/","url":"https:\/\/theb2bsalesacademy.com\/index.php\/aviso-legal\/","name":"Aviso Legal - B2B SALES ACADEMY","isPartOf":{"@id":"https:\/\/theb2bsalesacademy.com\/#website"},"datePublished":"2024-10-24T10:22:26+00:00","dateModified":"2024-10-24T10:23:09+00:00","breadcrumb":{"@id":"https:\/\/theb2bsalesacademy.com\/index.php\/aviso-legal\/#breadcrumb"},"inLanguage":"es","potentialAction":[{"@type":"ReadAction","target":["https:\/\/theb2bsalesacademy.com\/index.php\/aviso-legal\/"]}]},{"@type":"BreadcrumbList","@id":"https:\/\/theb2bsalesacademy.com\/index.php\/aviso-legal\/#breadcrumb","itemListElement":[{"@type":"ListItem","position":1,"name":"Portada","item":"https:\/\/theb2bsalesacademy.com\/"},{"@type":"ListItem","position":2,"name":"Aviso Legal"}]},{"@type":"WebSite","@id":"https:\/\/theb2bsalesacademy.com\/#website","url":"https:\/\/theb2bsalesacademy.com\/","name":"B2B SALES ACADEMY","description":"\u00a1Transforma y mejora tu equipo con B2B Sales Academy!","publisher":{"@id":"https:\/\/theb2bsalesacademy.com\/#organization"},"potentialAction":[{"@type":"SearchAction","target":{"@type":"EntryPoint","urlTemplate":"https:\/\/theb2bsalesacademy.com\/?s={search_term_string}"},"query-input":{"@type":"PropertyValueSpecification","valueRequired":true,"valueName":"search_term_string"}}],"inLanguage":"es"},{"@type":"Organization","@id":"https:\/\/theb2bsalesacademy.com\/#organization","name":"B2B SALES ACADEMY","url":"https:\/\/theb2bsalesacademy.com\/","logo":{"@type":"ImageObject","inLanguage":"es","@id":"https:\/\/theb2bsalesacademy.com\/#\/schema\/logo\/image\/","url":"https:\/\/theb2bsalesacademy.com\/wp-content\/uploads\/2024\/09\/isotipo-B2BSA-1-1.png","contentUrl":"https:\/\/theb2bsalesacademy.com\/wp-content\/uploads\/2024\/09\/isotipo-B2BSA-1-1.png","width":33,"height":47,"caption":"B2B SALES ACADEMY"},"image":{"@id":"https:\/\/theb2bsalesacademy.com\/#\/schema\/logo\/image\/"}}]}},"_links":{"self":[{"href":"https:\/\/theb2bsalesacademy.com\/index.php\/wp-json\/wp\/v2\/pages\/442","targetHints":{"allow":["GET"]}}],"collection":[{"href":"https:\/\/theb2bsalesacademy.com\/index.php\/wp-json\/wp\/v2\/pages"}],"about":[{"href":"https:\/\/theb2bsalesacademy.com\/index.php\/wp-json\/wp\/v2\/types\/page"}],"author":[{"embeddable":true,"href":"https:\/\/theb2bsalesacademy.com\/index.php\/wp-json\/wp\/v2\/users\/2"}],"replies":[{"embeddable":true,"href":"https:\/\/theb2bsalesacademy.com\/index.php\/wp-json\/wp\/v2\/comments?post=442"}],"version-history":[{"count":4,"href":"https:\/\/theb2bsalesacademy.com\/index.php\/wp-json\/wp\/v2\/pages\/442\/revisions"}],"predecessor-version":[{"id":446,"href":"https:\/\/theb2bsalesacademy.com\/index.php\/wp-json\/wp\/v2\/pages\/442\/revisions\/446"}],"wp:attachment":[{"href":"https:\/\/theb2bsalesacademy.com\/index.php\/wp-json\/wp\/v2\/media?parent=442"}],"curies":[{"name":"wp","href":"https:\/\/api.w.org\/{rel}","templated":true}]}}